{"id":15,"date":"2019-11-02T13:38:32","date_gmt":"2019-11-02T13:38:32","guid":{"rendered":"https:\/\/mfmarketingestrategico.com.br\/site\/?page_id=15"},"modified":"2024-09-26T13:29:14","modified_gmt":"2024-09-26T13:29:14","slug":"servicos","status":"publish","type":"page","link":"https:\/\/mfmarketingestrategico.com.br\/site\/servicos\/","title":{"rendered":"Servi\u00e7os"},"content":{"rendered":"\n<p><\/p>\n\n\n\n<p><\/p>\n\n\n\n<div class=\"row\">\n<div class=\"col-md-6\">\n\n\n\n<figure class=\"wp-block-image alignleft size-large is-resized\" style=\"float:left; margin-right: 10px;\"><img decoding=\"async\" loading=\"lazy\" src=\"https:\/\/mfmarketingestrategico.com.br\/site\/wp-content\/uploads\/2024\/09\/Marketing-Corporativo-1024x1024.png\" alt=\"\" class=\"wp-image-1089\" width=\"68\" height=\"68\" srcset=\"https:\/\/mfmarketingestrategico.com.br\/site\/wp-content\/uploads\/2024\/09\/Marketing-Corporativo-1024x1024.png 1024w, https:\/\/mfmarketingestrategico.com.br\/site\/wp-content\/uploads\/2024\/09\/Marketing-Corporativo-300x300.png 300w, https:\/\/mfmarketingestrategico.com.br\/site\/wp-content\/uploads\/2024\/09\/Marketing-Corporativo-150x150.png 150w, https:\/\/mfmarketingestrategico.com.br\/site\/wp-content\/uploads\/2024\/09\/Marketing-Corporativo-768x768.png 768w, https:\/\/mfmarketingestrategico.com.br\/site\/wp-content\/uploads\/2024\/09\/Marketing-Corporativo-1536x1536.png 1536w, https:\/\/mfmarketingestrategico.com.br\/site\/wp-content\/uploads\/2024\/09\/Marketing-Corporativo.png 2000w\" sizes=\"(max-width: 68px) 100vw, 68px\" \/><\/figure>\n\n\n\n<h2 class=\"wp-block-heading has-text-align-left\">Marketing Corporativo <\/h2>\n\n\n\n<p>Estrutura\u00e7\u00e3o das a\u00e7\u00f5es de comunica\u00e7\u00e3o para as organiza\u00e7\u00f5es, criando uma rela\u00e7\u00e3o positiva dos p\u00fablicos com a marca, por meio de estrat\u00e9gias alinhadas aos objetivos da empresa. <\/p>\n\n\n\n<ul>\n<li>Estrutura\u00e7\u00e3o de marca (materiais de Identidade Visual)<\/li>\n\n\n\n<li>Comunica\u00e7\u00e3o Institucional (cat\u00e1logo, revista, newsletter)<\/li>\n<\/ul>\n\n\n\n<div class=\"wp-block-spacer\" aria-hidden=\"true\" style=\"height:2em\"><\/div>\n<\/div>\n<div class=\"col-md-6\">\n\n\n\n<figure class=\"wp-block-image alignleft size-large is-resized\" style=\"float:left; margin-right: 10px;\"><img decoding=\"async\" loading=\"lazy\" src=\"https:\/\/mfmarketingestrategico.com.br\/site\/wp-content\/uploads\/2024\/09\/Marketing-Digital-1024x1024.png\" alt=\"\" class=\"wp-image-1090\" width=\"68\" height=\"68\" srcset=\"https:\/\/mfmarketingestrategico.com.br\/site\/wp-content\/uploads\/2024\/09\/Marketing-Digital-1024x1024.png 1024w, https:\/\/mfmarketingestrategico.com.br\/site\/wp-content\/uploads\/2024\/09\/Marketing-Digital-300x300.png 300w, https:\/\/mfmarketingestrategico.com.br\/site\/wp-content\/uploads\/2024\/09\/Marketing-Digital-150x150.png 150w, https:\/\/mfmarketingestrategico.com.br\/site\/wp-content\/uploads\/2024\/09\/Marketing-Digital-768x768.png 768w, https:\/\/mfmarketingestrategico.com.br\/site\/wp-content\/uploads\/2024\/09\/Marketing-Digital-1536x1536.png 1536w, https:\/\/mfmarketingestrategico.com.br\/site\/wp-content\/uploads\/2024\/09\/Marketing-Digital.png 2000w\" sizes=\"(max-width: 68px) 100vw, 68px\" \/><\/figure>\n\n\n\n<h2 class=\"wp-block-heading has-text-align-left\"> <strong>Marketing Digital<\/strong><\/h2>\n\n\n\n<p>Elabora\u00e7\u00e3o de estrat\u00e9gias de marketing digital de performance visando aumentar o alcance, engajamento e convers\u00e3o nas redes sociais (Facebook, Instagram) e buscadores online (Google).<\/p>\n\n\n\n<ul>\n<li>Gest\u00e3o de Redes Sociais<\/li>\n\n\n\n<li>M\u00eddia Patrocinada <\/li>\n\n\n\n<li>Inbound Marketing<\/li>\n<\/ul>\n\n\n\n<div class=\"wp-block-spacer\" aria-hidden=\"true\" style=\"height:2em\"><\/div>\n<\/div><\/div>\n<div class=\"row\">\n<div class=\"col-md-6\">\n\n\n<div class=\"wp-block-image\">\n<figure class=\"alignleft size-large is-resized\"><img decoding=\"async\" loading=\"lazy\" src=\"https:\/\/mfmarketingestrategico.com.br\/site\/wp-content\/uploads\/2024\/09\/Consultoria-de-Marketing-1024x1024.png\" alt=\"\" class=\"wp-image-1088\" width=\"68\" height=\"68\" srcset=\"https:\/\/mfmarketingestrategico.com.br\/site\/wp-content\/uploads\/2024\/09\/Consultoria-de-Marketing-1024x1024.png 1024w, https:\/\/mfmarketingestrategico.com.br\/site\/wp-content\/uploads\/2024\/09\/Consultoria-de-Marketing-300x300.png 300w, https:\/\/mfmarketingestrategico.com.br\/site\/wp-content\/uploads\/2024\/09\/Consultoria-de-Marketing-150x150.png 150w, https:\/\/mfmarketingestrategico.com.br\/site\/wp-content\/uploads\/2024\/09\/Consultoria-de-Marketing-768x768.png 768w, https:\/\/mfmarketingestrategico.com.br\/site\/wp-content\/uploads\/2024\/09\/Consultoria-de-Marketing-1536x1536.png 1536w, https:\/\/mfmarketingestrategico.com.br\/site\/wp-content\/uploads\/2024\/09\/Consultoria-de-Marketing.png 2000w\" sizes=\"(max-width: 68px) 100vw, 68px\" \/><\/figure><\/div>\n\n\n<h2 class=\"wp-block-heading has-text-align-left\"><strong>Consultoria de Marketing <\/strong> <\/h2>\n\n\n\n<p>An\u00e1lise e diagn\u00f3stico dos processos comunicacionais do cliente, elaborando plano de a\u00e7\u00f5es focado em resultados. Acompanhamento da implementa\u00e7\u00e3o das estrat\u00e9gias, com indicadores de metas e resultados.<\/p>\n\n\n\n<div class=\"wp-block-spacer\" aria-hidden=\"true\" style=\"height:2em\"><\/div>\n<\/div>\n<div class=\"col-md-6\">\n\n\n\n<div style=\"height:36px\" aria-hidden=\"true\" class=\"wp-block-spacer\"><\/div>\n\n\n\n<p class=\"has-text-align-center has-very-light-gray-background-color has-background\">A MF Marketing Estrat\u00e9gico \u00e9 uma ag\u00eancia de marketing em Mogi das Cruzes com uma variedade de servi\u00e7os que podem ser combinados de acordo com as necessidades e caracter\u00edsticas de cada neg\u00f3cio. <a href=\"https:\/\/mfmarketingestrategico.com.br\/site\/contato\/\">Consulte-nos<\/a>!<\/p>\n\n\n\n<div class=\"wp-block-spacer\" aria-hidden=\"true\" style=\"height:2em\"><\/div>\n<\/div><\/div>\n<div class=\"row\">\n<div class=\"col-md-6\">\n","protected":false},"excerpt":{"rendered":"<p>Marketing Corporativo Estrutura\u00e7\u00e3o das a\u00e7\u00f5es de comunica\u00e7\u00e3o para as organiza\u00e7\u00f5es, criando uma rela\u00e7\u00e3o positiva dos p\u00fablicos com a marca, por meio de estrat\u00e9gias alinhadas aos objetivos da empresa. Marketing Digital Elabora\u00e7\u00e3o de estrat\u00e9gias de marketing digital de performance visando aumentar o alcance, engajamento e convers\u00e3o nas redes sociais (Facebook, Instagram) e buscadores online (Google). Consultoria [&hellip;]<\/p>\n","protected":false},"author":1,"featured_media":0,"parent":0,"menu_order":0,"comment_status":"closed","ping_status":"closed","template":"","meta":[],"yoast_head":"<!-- This site is optimized with the Yoast SEO plugin v20.11 - https:\/\/yoast.com\/wordpress\/plugins\/seo\/ -->\n<title>Marketing em Mogi das Cruzes - Ag\u00eancia MF Marketing Estrat\u00e9gico<\/title>\n<meta name=\"description\" content=\"Oferecemos servi\u00e7os de marketing em Mogi das Cruzes e Regi\u00e3o: consultoria, inbound marketing, marketing digital e corporativo e assessoria de imprensa.\" \/>\n<meta name=\"robots\" content=\"index, follow, max-snippet:-1, max-image-preview:large, max-video-preview:-1\" \/>\n<link rel=\"canonical\" href=\"https:\/\/mfmarketingestrategico.com.br\/site\/servicos\/\" \/>\n<meta property=\"og:locale\" content=\"pt_BR\" \/>\n<meta property=\"og:type\" content=\"article\" \/>\n<meta property=\"og:title\" content=\"Marketing em Mogi das Cruzes - Ag\u00eancia MF Marketing Estrat\u00e9gico\" \/>\n<meta property=\"og:description\" content=\"Oferecemos servi\u00e7os de marketing em Mogi das Cruzes e Regi\u00e3o: consultoria, inbound marketing, marketing digital e corporativo e assessoria de imprensa.\" \/>\n<meta property=\"og:url\" content=\"https:\/\/mfmarketingestrategico.com.br\/site\/servicos\/\" \/>\n<meta property=\"og:site_name\" content=\"MF Marketing Estrat\u00e9gico\" \/>\n<meta property=\"article:modified_time\" content=\"2024-09-26T13:29:14+00:00\" \/>\n<meta property=\"og:image\" content=\"https:\/\/mfmarketingestrategico.com.br\/site\/wp-content\/uploads\/2024\/09\/Marketing-Corporativo-1024x1024.png\" \/>\n<meta name=\"twitter:card\" content=\"summary_large_image\" \/>\n<meta name=\"twitter:label1\" content=\"Est. tempo de leitura\" \/>\n\t<meta name=\"twitter:data1\" content=\"2 minutos\" \/>\n<script type=\"application\/ld+json\" class=\"yoast-schema-graph\">{\"@context\":\"https:\/\/schema.org\",\"@graph\":[{\"@type\":\"WebPage\",\"@id\":\"https:\/\/mfmarketingestrategico.com.br\/site\/servicos\/\",\"url\":\"https:\/\/mfmarketingestrategico.com.br\/site\/servicos\/\",\"name\":\"Marketing em Mogi das Cruzes - Ag\u00eancia MF Marketing Estrat\u00e9gico\",\"isPartOf\":{\"@id\":\"https:\/\/mfmarketingestrategico.com.br\/site\/#website\"},\"datePublished\":\"2019-11-02T13:38:32+00:00\",\"dateModified\":\"2024-09-26T13:29:14+00:00\",\"description\":\"Oferecemos servi\u00e7os de marketing em Mogi das Cruzes e Regi\u00e3o: consultoria, inbound marketing, marketing digital e corporativo e assessoria de imprensa.\",\"breadcrumb\":{\"@id\":\"https:\/\/mfmarketingestrategico.com.br\/site\/servicos\/#breadcrumb\"},\"inLanguage\":\"pt-BR\",\"potentialAction\":[{\"@type\":\"ReadAction\",\"target\":[\"https:\/\/mfmarketingestrategico.com.br\/site\/servicos\/\"]}]},{\"@type\":\"BreadcrumbList\",\"@id\":\"https:\/\/mfmarketingestrategico.com.br\/site\/servicos\/#breadcrumb\",\"itemListElement\":[{\"@type\":\"ListItem\",\"position\":1,\"name\":\"In\u00edcio\",\"item\":\"https:\/\/mfmarketingestrategico.com.br\/site\/\"},{\"@type\":\"ListItem\",\"position\":2,\"name\":\"Servi\u00e7os\"}]},{\"@type\":\"WebSite\",\"@id\":\"https:\/\/mfmarketingestrategico.com.br\/site\/#website\",\"url\":\"https:\/\/mfmarketingestrategico.com.br\/site\/\",\"name\":\"MF Marketing Estrat\u00e9gico\",\"description\":\"Consultoria\",\"publisher\":{\"@id\":\"https:\/\/mfmarketingestrategico.com.br\/site\/#organization\"},\"potentialAction\":[{\"@type\":\"SearchAction\",\"target\":{\"@type\":\"EntryPoint\",\"urlTemplate\":\"https:\/\/mfmarketingestrategico.com.br\/site\/?s={search_term_string}\"},\"query-input\":\"required name=search_term_string\"}],\"inLanguage\":\"pt-BR\"},{\"@type\":\"Organization\",\"@id\":\"https:\/\/mfmarketingestrategico.com.br\/site\/#organization\",\"name\":\"MF Marketing Estrat\u00e9gico\",\"url\":\"https:\/\/mfmarketingestrategico.com.br\/site\/\",\"logo\":{\"@type\":\"ImageObject\",\"inLanguage\":\"pt-BR\",\"@id\":\"https:\/\/mfmarketingestrategico.com.br\/site\/#\/schema\/logo\/image\/\",\"url\":\"https:\/\/mfmarketingestrategico.com.br\/site\/wp-content\/uploads\/2019\/12\/logovertical-espacoquadrado-mfmarketingestrategico.png\",\"contentUrl\":\"https:\/\/mfmarketingestrategico.com.br\/site\/wp-content\/uploads\/2019\/12\/logovertical-espacoquadrado-mfmarketingestrategico.png\",\"width\":184,\"height\":184,\"caption\":\"MF Marketing Estrat\u00e9gico\"},\"image\":{\"@id\":\"https:\/\/mfmarketingestrategico.com.br\/site\/#\/schema\/logo\/image\/\"}}]}<\/script>\n<!-- \/ Yoast SEO plugin. -->","yoast_head_json":{"title":"Marketing em Mogi das Cruzes - Ag\u00eancia MF Marketing Estrat\u00e9gico","description":"Oferecemos servi\u00e7os de marketing em Mogi das Cruzes e Regi\u00e3o: consultoria, inbound marketing, marketing digital e corporativo e assessoria de imprensa.","robots":{"index":"index","follow":"follow","max-snippet":"max-snippet:-1","max-image-preview":"max-image-preview:large","max-video-preview":"max-video-preview:-1"},"canonical":"https:\/\/mfmarketingestrategico.com.br\/site\/servicos\/","og_locale":"pt_BR","og_type":"article","og_title":"Marketing em Mogi das Cruzes - Ag\u00eancia MF Marketing Estrat\u00e9gico","og_description":"Oferecemos servi\u00e7os de marketing em Mogi das Cruzes e Regi\u00e3o: consultoria, inbound marketing, marketing digital e corporativo e assessoria de imprensa.","og_url":"https:\/\/mfmarketingestrategico.com.br\/site\/servicos\/","og_site_name":"MF Marketing Estrat\u00e9gico","article_modified_time":"2024-09-26T13:29:14+00:00","og_image":[{"url":"https:\/\/mfmarketingestrategico.com.br\/site\/wp-content\/uploads\/2024\/09\/Marketing-Corporativo-1024x1024.png"}],"twitter_card":"summary_large_image","twitter_misc":{"Est. tempo de leitura":"2 minutos"},"schema":{"@context":"https:\/\/schema.org","@graph":[{"@type":"WebPage","@id":"https:\/\/mfmarketingestrategico.com.br\/site\/servicos\/","url":"https:\/\/mfmarketingestrategico.com.br\/site\/servicos\/","name":"Marketing em Mogi das Cruzes - Ag\u00eancia MF Marketing Estrat\u00e9gico","isPartOf":{"@id":"https:\/\/mfmarketingestrategico.com.br\/site\/#website"},"datePublished":"2019-11-02T13:38:32+00:00","dateModified":"2024-09-26T13:29:14+00:00","description":"Oferecemos servi\u00e7os de marketing em Mogi das Cruzes e Regi\u00e3o: consultoria, inbound marketing, marketing digital e corporativo e assessoria de imprensa.","breadcrumb":{"@id":"https:\/\/mfmarketingestrategico.com.br\/site\/servicos\/#breadcrumb"},"inLanguage":"pt-BR","potentialAction":[{"@type":"ReadAction","target":["https:\/\/mfmarketingestrategico.com.br\/site\/servicos\/"]}]},{"@type":"BreadcrumbList","@id":"https:\/\/mfmarketingestrategico.com.br\/site\/servicos\/#breadcrumb","itemListElement":[{"@type":"ListItem","position":1,"name":"In\u00edcio","item":"https:\/\/mfmarketingestrategico.com.br\/site\/"},{"@type":"ListItem","position":2,"name":"Servi\u00e7os"}]},{"@type":"WebSite","@id":"https:\/\/mfmarketingestrategico.com.br\/site\/#website","url":"https:\/\/mfmarketingestrategico.com.br\/site\/","name":"MF Marketing Estrat\u00e9gico","description":"Consultoria","publisher":{"@id":"https:\/\/mfmarketingestrategico.com.br\/site\/#organization"},"potentialAction":[{"@type":"SearchAction","target":{"@type":"EntryPoint","urlTemplate":"https:\/\/mfmarketingestrategico.com.br\/site\/?s={search_term_string}"},"query-input":"required name=search_term_string"}],"inLanguage":"pt-BR"},{"@type":"Organization","@id":"https:\/\/mfmarketingestrategico.com.br\/site\/#organization","name":"MF Marketing Estrat\u00e9gico","url":"https:\/\/mfmarketingestrategico.com.br\/site\/","logo":{"@type":"ImageObject","inLanguage":"pt-BR","@id":"https:\/\/mfmarketingestrategico.com.br\/site\/#\/schema\/logo\/image\/","url":"https:\/\/mfmarketingestrategico.com.br\/site\/wp-content\/uploads\/2019\/12\/logovertical-espacoquadrado-mfmarketingestrategico.png","contentUrl":"https:\/\/mfmarketingestrategico.com.br\/site\/wp-content\/uploads\/2019\/12\/logovertical-espacoquadrado-mfmarketingestrategico.png","width":184,"height":184,"caption":"MF Marketing Estrat\u00e9gico"},"image":{"@id":"https:\/\/mfmarketingestrategico.com.br\/site\/#\/schema\/logo\/image\/"}}]}},"_links":{"self":[{"href":"https:\/\/mfmarketingestrategico.com.br\/site\/wp-json\/wp\/v2\/pages\/15"}],"collection":[{"href":"https:\/\/mfmarketingestrategico.com.br\/site\/wp-json\/wp\/v2\/pages"}],"about":[{"href":"https:\/\/mfmarketingestrategico.com.br\/site\/wp-json\/wp\/v2\/types\/page"}],"author":[{"embeddable":true,"href":"https:\/\/mfmarketingestrategico.com.br\/site\/wp-json\/wp\/v2\/users\/1"}],"replies":[{"embeddable":true,"href":"https:\/\/mfmarketingestrategico.com.br\/site\/wp-json\/wp\/v2\/comments?post=15"}],"version-history":[{"count":123,"href":"https:\/\/mfmarketingestrategico.com.br\/site\/wp-json\/wp\/v2\/pages\/15\/revisions"}],"predecessor-version":[{"id":1107,"href":"https:\/\/mfmarketingestrategico.com.br\/site\/wp-json\/wp\/v2\/pages\/15\/revisions\/1107"}],"wp:attachment":[{"href":"https:\/\/mfmarketingestrategico.com.br\/site\/wp-json\/wp\/v2\/media?parent=15"}],"curies":[{"name":"wp","href":"https:\/\/api.w.org\/{rel}","templated":true}]}}