{"id":17,"date":"2019-11-02T13:39:10","date_gmt":"2019-11-02T13:39:10","guid":{"rendered":"https:\/\/mfmarketingestrategico.com.br\/site\/?page_id=17"},"modified":"2020-06-09T17:33:34","modified_gmt":"2020-06-09T17:33:34","slug":"blog","status":"publish","type":"page","link":"https:\/\/mfmarketingestrategico.com.br\/site\/blog\/","title":{"rendered":"Blog"},"content":{"rendered":"","protected":false},"excerpt":{"rendered":"","protected":false},"author":1,"featured_media":0,"parent":0,"menu_order":0,"comment_status":"closed","ping_status":"closed","template":"","meta":[],"yoast_head":"<!-- This site is optimized with the Yoast SEO plugin v20.11 - https:\/\/yoast.com\/wordpress\/plugins\/seo\/ -->\n<title>Conhe\u00e7a o blog da ag\u00eancia de marketing MF Marketing Estrat\u00e9gico<\/title>\n<meta name=\"description\" content=\"Conhe\u00e7a mais sobre comunica\u00e7\u00e3o e marketing estrat\u00e9gico no blog da MF, uma ag\u00eancia em Mogi das Cruzes, com atendimento em todo Brasil.\" \/>\n<meta name=\"robots\" content=\"index, follow, max-snippet:-1, max-image-preview:large, max-video-preview:-1\" \/>\n<link rel=\"canonical\" href=\"https:\/\/mfmarketingestrategico.com.br\/site\/blog\/\" \/>\n<meta property=\"og:locale\" content=\"pt_BR\" \/>\n<meta property=\"og:type\" content=\"article\" \/>\n<meta property=\"og:title\" content=\"Conhe\u00e7a o blog da ag\u00eancia de marketing MF Marketing Estrat\u00e9gico\" \/>\n<meta property=\"og:description\" content=\"Conhe\u00e7a mais sobre comunica\u00e7\u00e3o e marketing estrat\u00e9gico no blog da MF, uma ag\u00eancia em Mogi das Cruzes, com atendimento em todo Brasil.\" \/>\n<meta property=\"og:url\" content=\"https:\/\/mfmarketingestrategico.com.br\/site\/blog\/\" \/>\n<meta property=\"og:site_name\" content=\"MF Marketing Estrat\u00e9gico\" \/>\n<meta property=\"article:modified_time\" content=\"2020-06-09T17:33:34+00:00\" \/>\n<meta name=\"twitter:card\" content=\"summary_large_image\" \/>\n<script type=\"application\/ld+json\" class=\"yoast-schema-graph\">{\"@context\":\"https:\/\/schema.org\",\"@graph\":[{\"@type\":\"WebPage\",\"@id\":\"https:\/\/mfmarketingestrategico.com.br\/site\/blog\/\",\"url\":\"https:\/\/mfmarketingestrategico.com.br\/site\/blog\/\",\"name\":\"Conhe\u00e7a o blog da ag\u00eancia de marketing MF Marketing Estrat\u00e9gico\",\"isPartOf\":{\"@id\":\"https:\/\/mfmarketingestrategico.com.br\/site\/#website\"},\"datePublished\":\"2019-11-02T13:39:10+00:00\",\"dateModified\":\"2020-06-09T17:33:34+00:00\",\"description\":\"Conhe\u00e7a mais sobre comunica\u00e7\u00e3o e marketing estrat\u00e9gico no blog da MF, uma ag\u00eancia em Mogi das Cruzes, com atendimento em todo Brasil.\",\"breadcrumb\":{\"@id\":\"https:\/\/mfmarketingestrategico.com.br\/site\/blog\/#breadcrumb\"},\"inLanguage\":\"pt-BR\",\"potentialAction\":[{\"@type\":\"ReadAction\",\"target\":[\"https:\/\/mfmarketingestrategico.com.br\/site\/blog\/\"]}]},{\"@type\":\"BreadcrumbList\",\"@id\":\"https:\/\/mfmarketingestrategico.com.br\/site\/blog\/#breadcrumb\",\"itemListElement\":[{\"@type\":\"ListItem\",\"position\":1,\"name\":\"In\u00edcio\",\"item\":\"https:\/\/mfmarketingestrategico.com.br\/site\/\"},{\"@type\":\"ListItem\",\"position\":2,\"name\":\"Blog\"}]},{\"@type\":\"WebSite\",\"@id\":\"https:\/\/mfmarketingestrategico.com.br\/site\/#website\",\"url\":\"https:\/\/mfmarketingestrategico.com.br\/site\/\",\"name\":\"MF Marketing Estrat\u00e9gico\",\"description\":\"Consultoria\",\"publisher\":{\"@id\":\"https:\/\/mfmarketingestrategico.com.br\/site\/#organization\"},\"potentialAction\":[{\"@type\":\"SearchAction\",\"target\":{\"@type\":\"EntryPoint\",\"urlTemplate\":\"https:\/\/mfmarketingestrategico.com.br\/site\/?s={search_term_string}\"},\"query-input\":\"required name=search_term_string\"}],\"inLanguage\":\"pt-BR\"},{\"@type\":\"Organization\",\"@id\":\"https:\/\/mfmarketingestrategico.com.br\/site\/#organization\",\"name\":\"MF Marketing Estrat\u00e9gico\",\"url\":\"https:\/\/mfmarketingestrategico.com.br\/site\/\",\"logo\":{\"@type\":\"ImageObject\",\"inLanguage\":\"pt-BR\",\"@id\":\"https:\/\/mfmarketingestrategico.com.br\/site\/#\/schema\/logo\/image\/\",\"url\":\"https:\/\/mfmarketingestrategico.com.br\/site\/wp-content\/uploads\/2019\/12\/logovertical-espacoquadrado-mfmarketingestrategico.png\",\"contentUrl\":\"https:\/\/mfmarketingestrategico.com.br\/site\/wp-content\/uploads\/2019\/12\/logovertical-espacoquadrado-mfmarketingestrategico.png\",\"width\":184,\"height\":184,\"caption\":\"MF Marketing Estrat\u00e9gico\"},\"image\":{\"@id\":\"https:\/\/mfmarketingestrategico.com.br\/site\/#\/schema\/logo\/image\/\"}}]}<\/script>\n<!-- \/ Yoast SEO plugin. -->","yoast_head_json":{"title":"Conhe\u00e7a o blog da ag\u00eancia de marketing MF Marketing Estrat\u00e9gico","description":"Conhe\u00e7a mais sobre comunica\u00e7\u00e3o e marketing estrat\u00e9gico no blog da MF, uma ag\u00eancia em Mogi das Cruzes, com atendimento em todo Brasil.","robots":{"index":"index","follow":"follow","max-snippet":"max-snippet:-1","max-image-preview":"max-image-preview:large","max-video-preview":"max-video-preview:-1"},"canonical":"https:\/\/mfmarketingestrategico.com.br\/site\/blog\/","og_locale":"pt_BR","og_type":"article","og_title":"Conhe\u00e7a o blog da ag\u00eancia de marketing MF Marketing Estrat\u00e9gico","og_description":"Conhe\u00e7a mais sobre comunica\u00e7\u00e3o e marketing estrat\u00e9gico no blog da MF, uma ag\u00eancia em Mogi das Cruzes, com atendimento em todo Brasil.","og_url":"https:\/\/mfmarketingestrategico.com.br\/site\/blog\/","og_site_name":"MF Marketing Estrat\u00e9gico","article_modified_time":"2020-06-09T17:33:34+00:00","twitter_card":"summary_large_image","schema":{"@context":"https:\/\/schema.org","@graph":[{"@type":"WebPage","@id":"https:\/\/mfmarketingestrategico.com.br\/site\/blog\/","url":"https:\/\/mfmarketingestrategico.com.br\/site\/blog\/","name":"Conhe\u00e7a o blog da ag\u00eancia de marketing MF Marketing Estrat\u00e9gico","isPartOf":{"@id":"https:\/\/mfmarketingestrategico.com.br\/site\/#website"},"datePublished":"2019-11-02T13:39:10+00:00","dateModified":"2020-06-09T17:33:34+00:00","description":"Conhe\u00e7a mais sobre comunica\u00e7\u00e3o e marketing estrat\u00e9gico no blog da MF, uma ag\u00eancia em Mogi das Cruzes, com atendimento em todo Brasil.","breadcrumb":{"@id":"https:\/\/mfmarketingestrategico.com.br\/site\/blog\/#breadcrumb"},"inLanguage":"pt-BR","potentialAction":[{"@type":"ReadAction","target":["https:\/\/mfmarketingestrategico.com.br\/site\/blog\/"]}]},{"@type":"BreadcrumbList","@id":"https:\/\/mfmarketingestrategico.com.br\/site\/blog\/#breadcrumb","itemListElement":[{"@type":"ListItem","position":1,"name":"In\u00edcio","item":"https:\/\/mfmarketingestrategico.com.br\/site\/"},{"@type":"ListItem","position":2,"name":"Blog"}]},{"@type":"WebSite","@id":"https:\/\/mfmarketingestrategico.com.br\/site\/#website","url":"https:\/\/mfmarketingestrategico.com.br\/site\/","name":"MF Marketing Estrat\u00e9gico","description":"Consultoria","publisher":{"@id":"https:\/\/mfmarketingestrategico.com.br\/site\/#organization"},"potentialAction":[{"@type":"SearchAction","target":{"@type":"EntryPoint","urlTemplate":"https:\/\/mfmarketingestrategico.com.br\/site\/?s={search_term_string}"},"query-input":"required name=search_term_string"}],"inLanguage":"pt-BR"},{"@type":"Organization","@id":"https:\/\/mfmarketingestrategico.com.br\/site\/#organization","name":"MF Marketing Estrat\u00e9gico","url":"https:\/\/mfmarketingestrategico.com.br\/site\/","logo":{"@type":"ImageObject","inLanguage":"pt-BR","@id":"https:\/\/mfmarketingestrategico.com.br\/site\/#\/schema\/logo\/image\/","url":"https:\/\/mfmarketingestrategico.com.br\/site\/wp-content\/uploads\/2019\/12\/logovertical-espacoquadrado-mfmarketingestrategico.png","contentUrl":"https:\/\/mfmarketingestrategico.com.br\/site\/wp-content\/uploads\/2019\/12\/logovertical-espacoquadrado-mfmarketingestrategico.png","width":184,"height":184,"caption":"MF Marketing Estrat\u00e9gico"},"image":{"@id":"https:\/\/mfmarketingestrategico.com.br\/site\/#\/schema\/logo\/image\/"}}]}},"_links":{"self":[{"href":"https:\/\/mfmarketingestrategico.com.br\/site\/wp-json\/wp\/v2\/pages\/17"}],"collection":[{"href":"https:\/\/mfmarketingestrategico.com.br\/site\/wp-json\/wp\/v2\/pages"}],"about":[{"href":"https:\/\/mfmarketingestrategico.com.br\/site\/wp-json\/wp\/v2\/types\/page"}],"author":[{"embeddable":true,"href":"https:\/\/mfmarketingestrategico.com.br\/site\/wp-json\/wp\/v2\/users\/1"}],"replies":[{"embeddable":true,"href":"https:\/\/mfmarketingestrategico.com.br\/site\/wp-json\/wp\/v2\/comments?post=17"}],"version-history":[{"count":1,"href":"https:\/\/mfmarketingestrategico.com.br\/site\/wp-json\/wp\/v2\/pages\/17\/revisions"}],"predecessor-version":[{"id":18,"href":"https:\/\/mfmarketingestrategico.com.br\/site\/wp-json\/wp\/v2\/pages\/17\/revisions\/18"}],"wp:attachment":[{"href":"https:\/\/mfmarketingestrategico.com.br\/site\/wp-json\/wp\/v2\/media?parent=17"}],"curies":[{"name":"wp","href":"https:\/\/api.w.org\/{rel}","templated":true}]}}